{"id":252,"date":"2025-04-28T23:57:39","date_gmt":"2025-04-28T23:57:39","guid":{"rendered":"https:\/\/ayvconsulting.com\/?page_id=252"},"modified":"2025-05-12T19:09:32","modified_gmt":"2025-05-12T19:09:32","slug":"capacitacion","status":"publish","type":"page","link":"https:\/\/ayvconsulting.com\/en\/capacitacion\/","title":{"rendered":"Training"},"content":{"rendered":"<div data-elementor-type=\"wp-page\" data-elementor-id=\"252\" class=\"elementor elementor-252\" data-elementor-post-type=\"page\">\n\t\t\t\t\t\t<section class=\"elementor-section elementor-top-section elementor-element elementor-element-5507ceb1 elementor-section-boxed elementor-section-height-default elementor-section-height-default\" data-id=\"5507ceb1\" data-element_type=\"section\">\n\t\t\t\t\t\t<div class=\"elementor-container elementor-column-gap-default\">\n\t\t\t\t\t<div class=\"elementor-column elementor-col-50 elementor-top-column elementor-element elementor-element-19873eea elementor-invisible\" data-id=\"19873eea\" data-element_type=\"column\" data-settings=\"{&quot;animation&quot;:&quot;fadeInLeft&quot;}\">\n\t\t\t<div class=\"elementor-widget-wrap elementor-element-populated\">\n\t\t\t\t\t\t<div class=\"elementor-element elementor-element-1050af6 elementor-widget elementor-widget-heading\" data-id=\"1050af6\" data-element_type=\"widget\" data-widget_type=\"heading.default\">\n\t\t\t\t<div class=\"elementor-widget-container\">\n\t\t\t\t\t<h6 class=\"elementor-heading-title elementor-size-default\">Services<\/h6>\t\t\t\t<\/div>\n\t\t\t\t<\/div>\n\t\t\t\t<div class=\"elementor-element elementor-element-6abe873b elementor-widget elementor-widget-heading\" data-id=\"6abe873b\" data-element_type=\"widget\" data-widget_type=\"heading.default\">\n\t\t\t\t<div class=\"elementor-widget-container\">\n\t\t\t\t\t<h2 class=\"elementor-heading-title elementor-size-default\">Trainings\n<\/h2>\t\t\t\t<\/div>\n\t\t\t\t<\/div>\n\t\t\t\t<div class=\"elementor-element elementor-element-6d5fe459 elementor-widget elementor-widget-text-editor\" data-id=\"6d5fe459\" data-element_type=\"widget\" data-widget_type=\"text-editor.default\">\n\t\t\t\t<div class=\"elementor-widget-container\">\n\t\t\t\t\t\t\t\t\t<p>Our courses and workshops in <i>Business <\/i><i>Analytics<\/i> y <i>Business <\/i><i>Intelligence<\/i> are focused on developing technical and strategic skills to interpret information, generate valuable reports, and optimize key business processes.<\/p><p>We complement this training with content in <i>International Business<\/i>, which prepares participants to face the challenges of global trade, international expansion, and intercultural management.<\/p><p>In the field of international business, we cover PESTEL analysis, SWOT analysis, development and evaluation of business cases for potential alliances or joint ventures, BATNA, and more.<\/p><p>To better understand your goals, please fill out the <strong><a href=\"https:\/\/ayvconsulting.com\/en\/#Contacto\">following form<\/a><\/strong> and we will contact you shortly.<\/p>\t\t\t\t\t\t\t\t<\/div>\n\t\t\t\t<\/div>\n\t\t\t\t\t<\/div>\n\t\t<\/div>\n\t\t\t\t<div class=\"elementor-column elementor-col-50 elementor-top-column elementor-element elementor-element-3e4e22ef\" data-id=\"3e4e22ef\" data-element_type=\"column\">\n\t\t\t<div class=\"elementor-widget-wrap elementor-element-populated\">\n\t\t\t\t\t\t<div class=\"elementor-element elementor-element-4b426ba4 elementor-widget elementor-widget-image\" data-id=\"4b426ba4\" data-element_type=\"widget\" data-widget_type=\"image.default\">\n\t\t\t\t<div class=\"elementor-widget-container\">\n\t\t\t\t\t\t\t\t\t\t\t\t\t\t\t<img fetchpriority=\"high\" decoding=\"async\" width=\"800\" height=\"534\" src=\"https:\/\/ayvconsulting.com\/wp-content\/uploads\/2025\/04\/caucasian-man-as-manager-stand-in-front-of-confere-2025-03-07-06-38-44-utc-1024x683.jpg\" class=\"attachment-large size-large wp-image-367\" alt=\"\" srcset=\"https:\/\/ayvconsulting.com\/wp-content\/uploads\/2025\/04\/caucasian-man-as-manager-stand-in-front-of-confere-2025-03-07-06-38-44-utc-1024x683.jpg 1024w, https:\/\/ayvconsulting.com\/wp-content\/uploads\/2025\/04\/caucasian-man-as-manager-stand-in-front-of-confere-2025-03-07-06-38-44-utc-300x200.jpg 300w, https:\/\/ayvconsulting.com\/wp-content\/uploads\/2025\/04\/caucasian-man-as-manager-stand-in-front-of-confere-2025-03-07-06-38-44-utc-768x512.jpg 768w, https:\/\/ayvconsulting.com\/wp-content\/uploads\/2025\/04\/caucasian-man-as-manager-stand-in-front-of-confere-2025-03-07-06-38-44-utc-1536x1024.jpg 1536w, https:\/\/ayvconsulting.com\/wp-content\/uploads\/2025\/04\/caucasian-man-as-manager-stand-in-front-of-confere-2025-03-07-06-38-44-utc-2048x1365.jpg 2048w\" sizes=\"(max-width: 800px) 100vw, 800px\" \/>\t\t\t\t\t\t\t\t\t\t\t\t\t\t\t<\/div>\n\t\t\t\t<\/div>\n\t\t\t\t\t<\/div>\n\t\t<\/div>\n\t\t\t\t\t<\/div>\n\t\t<\/section>\n\t\t\t\t<section class=\"elementor-section elementor-top-section elementor-element elementor-element-c31ce95 elementor-section-boxed elementor-section-height-default elementor-section-height-default\" data-id=\"c31ce95\" data-element_type=\"section\" data-settings=\"{&quot;background_background&quot;:&quot;classic&quot;}\">\n\t\t\t\t\t\t<div class=\"elementor-container elementor-column-gap-default\">\n\t\t\t\t\t<div class=\"elementor-column elementor-col-100 elementor-top-column elementor-element elementor-element-c255826\" data-id=\"c255826\" data-element_type=\"column\">\n\t\t\t<div class=\"elementor-widget-wrap elementor-element-populated\">\n\t\t\t\t\t\t<div class=\"elementor-element elementor-element-7b1430f elementor-widget elementor-widget-heading\" data-id=\"7b1430f\" data-element_type=\"widget\" data-widget_type=\"heading.default\">\n\t\t\t\t<div class=\"elementor-widget-container\">\n\t\t\t\t\t<h6 class=\"elementor-heading-title elementor-size-default\">Training Service<\/h6>\t\t\t\t<\/div>\n\t\t\t\t<\/div>\n\t\t\t\t<div class=\"elementor-element elementor-element-76de0d9 elementor-widget elementor-widget-heading\" data-id=\"76de0d9\" data-element_type=\"widget\" data-widget_type=\"heading.default\">\n\t\t\t\t<div class=\"elementor-widget-container\">\n\t\t\t\t\t<h2 class=\"elementor-heading-title elementor-size-default\">Trainings on\n<\/h2>\t\t\t\t<\/div>\n\t\t\t\t<\/div>\n\t\t\t\t<section class=\"elementor-section elementor-inner-section elementor-element elementor-element-0a6f660 elementor-section-boxed elementor-section-height-default elementor-section-height-default\" data-id=\"0a6f660\" data-element_type=\"section\">\n\t\t\t\t\t\t<div class=\"elementor-container elementor-column-gap-default\">\n\t\t\t\t\t<div class=\"elementor-column elementor-col-25 elementor-inner-column elementor-element elementor-element-a4dcb5b\" data-id=\"a4dcb5b\" data-element_type=\"column\">\n\t\t\t<div class=\"elementor-widget-wrap elementor-element-populated\">\n\t\t\t\t\t\t<div class=\"elementor-element elementor-element-8df71c4 ekit-equal-height-disable elementor-widget elementor-widget-elementskit-icon-box\" data-id=\"8df71c4\" data-element_type=\"widget\" data-widget_type=\"elementskit-icon-box.default\">\n\t\t\t\t<div class=\"elementor-widget-container\">\n\t\t\t\t\t<div class=\"ekit-wid-con\" >        <!-- link opening -->\n                <!-- end link opening -->\n\n        <div class=\"elementskit-infobox text-center text- icon-top-align elementor-animation-\">\n                            <div class=\"elementskit-box-header\">\n                <div class=\"elementskit-info-box-icon\">\n                    <img decoding=\"async\" width=\"666\" height=\"375\" src=\"https:\/\/ayvconsulting.com\/wp-content\/uploads\/2025\/05\/Powe-Bi-Logo.png\" class=\"attachment- size-\" alt=\"\" srcset=\"https:\/\/ayvconsulting.com\/wp-content\/uploads\/2025\/05\/Powe-Bi-Logo.png 666w, https:\/\/ayvconsulting.com\/wp-content\/uploads\/2025\/05\/Powe-Bi-Logo-300x169.png 300w, https:\/\/ayvconsulting.com\/wp-content\/uploads\/2025\/05\/Powe-Bi-Logo-18x10.png 18w\" sizes=\"(max-width: 666px) 100vw, 666px\" \/>                <\/div>\n          <\/div>\n                <div class=\"box-body\">\n                            <h3 class=\"elementskit-info-box-title\">\n                    Power BI                <\/h3>\n                        \t\t  \t<p>\n<\/p>\n                                <\/div>\n        \n        \n                <\/div>\n        <\/div>\t\t\t\t<\/div>\n\t\t\t\t<\/div>\n\t\t\t\t\t<\/div>\n\t\t<\/div>\n\t\t\t\t<div class=\"elementor-column elementor-col-25 elementor-inner-column elementor-element elementor-element-2ab0760\" data-id=\"2ab0760\" data-element_type=\"column\">\n\t\t\t<div class=\"elementor-widget-wrap elementor-element-populated\">\n\t\t\t\t\t\t<div class=\"elementor-element elementor-element-c5af1ec ekit-equal-height-disable elementor-widget elementor-widget-elementskit-icon-box\" data-id=\"c5af1ec\" data-element_type=\"widget\" data-widget_type=\"elementskit-icon-box.default\">\n\t\t\t\t<div class=\"elementor-widget-container\">\n\t\t\t\t\t<div class=\"ekit-wid-con\" >        <!-- link opening -->\n                <!-- end link opening -->\n\n        <div class=\"elementskit-infobox text-center text- icon-top-align elementor-animation-\">\n                            <div class=\"elementskit-box-header\">\n                <div class=\"elementskit-info-box-icon\">\n                    <img decoding=\"async\" width=\"400\" height=\"400\" src=\"https:\/\/ayvconsulting.com\/wp-content\/uploads\/2025\/05\/Python-Logo.png\" class=\"attachment- size-\" alt=\"\" srcset=\"https:\/\/ayvconsulting.com\/wp-content\/uploads\/2025\/05\/Python-Logo.png 400w, https:\/\/ayvconsulting.com\/wp-content\/uploads\/2025\/05\/Python-Logo-300x300.png 300w, https:\/\/ayvconsulting.com\/wp-content\/uploads\/2025\/05\/Python-Logo-150x150.png 150w, https:\/\/ayvconsulting.com\/wp-content\/uploads\/2025\/05\/Python-Logo-12x12.png 12w\" sizes=\"(max-width: 400px) 100vw, 400px\" \/>                <\/div>\n          <\/div>\n                <div class=\"box-body\">\n                            <h3 class=\"elementskit-info-box-title\">\n                    Python                <\/h3>\n                                            <\/div>\n        \n        \n                <\/div>\n        <\/div>\t\t\t\t<\/div>\n\t\t\t\t<\/div>\n\t\t\t\t\t<\/div>\n\t\t<\/div>\n\t\t\t\t<div class=\"elementor-column elementor-col-25 elementor-inner-column elementor-element elementor-element-087bcfc\" data-id=\"087bcfc\" data-element_type=\"column\">\n\t\t\t<div class=\"elementor-widget-wrap elementor-element-populated\">\n\t\t\t\t\t\t<div class=\"elementor-element elementor-element-8780999 ekit-equal-height-disable elementor-widget elementor-widget-elementskit-icon-box\" data-id=\"8780999\" data-element_type=\"widget\" data-widget_type=\"elementskit-icon-box.default\">\n\t\t\t\t<div class=\"elementor-widget-container\">\n\t\t\t\t\t<div class=\"ekit-wid-con\" >        <!-- link opening -->\n                <!-- end link opening -->\n\n        <div class=\"elementskit-infobox text-center text- icon-top-align elementor-animation-\">\n                            <div class=\"elementskit-box-header\">\n                <div class=\"elementskit-info-box-icon\">\n                    <img loading=\"lazy\" decoding=\"async\" width=\"300\" height=\"168\" src=\"https:\/\/ayvconsulting.com\/wp-content\/uploads\/2025\/05\/Palantir-Logo.png\" class=\"attachment- size-\" alt=\"\" srcset=\"https:\/\/ayvconsulting.com\/wp-content\/uploads\/2025\/05\/Palantir-Logo.png 300w, https:\/\/ayvconsulting.com\/wp-content\/uploads\/2025\/05\/Palantir-Logo-18x10.png 18w\" sizes=\"(max-width: 300px) 100vw, 300px\" \/>                <\/div>\n          <\/div>\n                <div class=\"box-body\">\n                            <h3 class=\"elementskit-info-box-title\">\n                    Foundry                <\/h3>\n                                            <\/div>\n        \n        \n                <\/div>\n        <\/div>\t\t\t\t<\/div>\n\t\t\t\t<\/div>\n\t\t\t\t\t<\/div>\n\t\t<\/div>\n\t\t\t\t<div class=\"elementor-column elementor-col-25 elementor-inner-column elementor-element elementor-element-abbca1e\" data-id=\"abbca1e\" data-element_type=\"column\">\n\t\t\t<div class=\"elementor-widget-wrap elementor-element-populated\">\n\t\t\t\t\t\t<div class=\"elementor-element elementor-element-64c1c15 ekit-equal-height-disable elementor-widget elementor-widget-elementskit-icon-box\" data-id=\"64c1c15\" data-element_type=\"widget\" data-widget_type=\"elementskit-icon-box.default\">\n\t\t\t\t<div class=\"elementor-widget-container\">\n\t\t\t\t\t<div class=\"ekit-wid-con\" >        <!-- link opening -->\n                <!-- end link opening -->\n\n        <div class=\"elementskit-infobox text-center text- icon-top-align elementor-animation-\">\n                            <div class=\"elementskit-box-header\">\n                <div class=\"elementskit-info-box-icon\">\n                    <img loading=\"lazy\" decoding=\"async\" width=\"386\" height=\"380\" src=\"https:\/\/ayvconsulting.com\/wp-content\/uploads\/2025\/05\/R-logo-BLUE.png\" class=\"attachment- size-\" alt=\"\" srcset=\"https:\/\/ayvconsulting.com\/wp-content\/uploads\/2025\/05\/R-logo-BLUE.png 386w, https:\/\/ayvconsulting.com\/wp-content\/uploads\/2025\/05\/R-logo-BLUE-300x295.png 300w, https:\/\/ayvconsulting.com\/wp-content\/uploads\/2025\/05\/R-logo-BLUE-12x12.png 12w\" sizes=\"(max-width: 386px) 100vw, 386px\" \/>                <\/div>\n          <\/div>\n                <div class=\"box-body\">\n                            <h3 class=\"elementskit-info-box-title\">\n                    R                <\/h3>\n                                            <\/div>\n        \n        \n                <\/div>\n        <\/div>\t\t\t\t<\/div>\n\t\t\t\t<\/div>\n\t\t\t\t\t<\/div>\n\t\t<\/div>\n\t\t\t\t\t<\/div>\n\t\t<\/section>\n\t\t\t\t\t<\/div>\n\t\t<\/div>\n\t\t\t\t\t<\/div>\n\t\t<\/section>\n\t\t\t\t<\/div>","protected":false},"excerpt":{"rendered":"<p>Servicios Capacitaciones Nuestros cursos y talleres en Business Analytics y Business Intelligence est\u00e1n enfocados en desarrollar habilidades t\u00e9cnicas y estrat\u00e9gicas para interpretar informaci\u00f3n, generar reportes valiosos y optimizar procesos clave del negocio. Complementamos esta formaci\u00f3n con contenidos en Negocios Internacionales, que preparan a los participantes para enfrentar los retos del comercio global, la expansi\u00f3n internacional [&hellip;]<\/p>","protected":false},"author":2,"featured_media":0,"parent":0,"menu_order":0,"comment_status":"closed","ping_status":"closed","template":"elementor_header_footer","meta":{"footnotes":""},"class_list":["post-252","page","type-page","status-publish","hentry"],"_links":{"self":[{"href":"https:\/\/ayvconsulting.com\/en\/wp-json\/wp\/v2\/pages\/252","targetHints":{"allow":["GET"]}}],"collection":[{"href":"https:\/\/ayvconsulting.com\/en\/wp-json\/wp\/v2\/pages"}],"about":[{"href":"https:\/\/ayvconsulting.com\/en\/wp-json\/wp\/v2\/types\/page"}],"author":[{"embeddable":true,"href":"https:\/\/ayvconsulting.com\/en\/wp-json\/wp\/v2\/users\/2"}],"replies":[{"embeddable":true,"href":"https:\/\/ayvconsulting.com\/en\/wp-json\/wp\/v2\/comments?post=252"}],"version-history":[{"count":154,"href":"https:\/\/ayvconsulting.com\/en\/wp-json\/wp\/v2\/pages\/252\/revisions"}],"predecessor-version":[{"id":1156,"href":"https:\/\/ayvconsulting.com\/en\/wp-json\/wp\/v2\/pages\/252\/revisions\/1156"}],"wp:attachment":[{"href":"https:\/\/ayvconsulting.com\/en\/wp-json\/wp\/v2\/media?parent=252"}],"curies":[{"name":"wp","href":"https:\/\/api.w.org\/{rel}","templated":true}]}}