{"id":468,"date":"2025-04-29T01:57:45","date_gmt":"2025-04-29T01:57:45","guid":{"rendered":"https:\/\/ayvconsulting.com\/?page_id=468"},"modified":"2025-05-03T00:31:32","modified_gmt":"2025-05-03T00:31:32","slug":"mentoria","status":"publish","type":"page","link":"https:\/\/ayvconsulting.com\/en\/mentoria\/","title":{"rendered":"Mentoring"},"content":{"rendered":"<div data-elementor-type=\"wp-page\" data-elementor-id=\"468\" class=\"elementor elementor-468\" data-elementor-post-type=\"page\">\n\t\t\t\t\t\t<section class=\"elementor-section elementor-top-section elementor-element elementor-element-5507ceb1 elementor-section-boxed elementor-section-height-default elementor-section-height-default\" data-id=\"5507ceb1\" data-element_type=\"section\">\n\t\t\t\t\t\t<div class=\"elementor-container elementor-column-gap-default\">\n\t\t\t\t\t<div class=\"elementor-column elementor-col-50 elementor-top-column elementor-element elementor-element-19873eea elementor-invisible\" data-id=\"19873eea\" data-element_type=\"column\" data-settings=\"{&quot;animation&quot;:&quot;fadeInLeft&quot;}\">\n\t\t\t<div class=\"elementor-widget-wrap elementor-element-populated\">\n\t\t\t\t\t\t<div class=\"elementor-element elementor-element-1050af6 elementor-widget elementor-widget-heading\" data-id=\"1050af6\" data-element_type=\"widget\" data-widget_type=\"heading.default\">\n\t\t\t\t<div class=\"elementor-widget-container\">\n\t\t\t\t\t<h6 class=\"elementor-heading-title elementor-size-default\">Services<\/h6>\t\t\t\t<\/div>\n\t\t\t\t<\/div>\n\t\t\t\t<div class=\"elementor-element elementor-element-6abe873b elementor-widget elementor-widget-heading\" data-id=\"6abe873b\" data-element_type=\"widget\" data-widget_type=\"heading.default\">\n\t\t\t\t<div class=\"elementor-widget-container\">\n\t\t\t\t\t<h2 class=\"elementor-heading-title elementor-size-default\">Mentoring<\/h2>\t\t\t\t<\/div>\n\t\t\t\t<\/div>\n\t\t\t\t<div class=\"elementor-element elementor-element-f6ca740 elementor-widget elementor-widget-text-editor\" data-id=\"f6ca740\" data-element_type=\"widget\" data-widget_type=\"text-editor.default\">\n\t\t\t\t<div class=\"elementor-widget-container\">\n\t\t\t\t\t\t\t\t\t<p>We offer mentoring programs designed to accompany professionals in their transition to the workplace, enhance their professional development, and strengthen their leadership skills. Through personalized sessions, we provide guidance on resume writing, interview preparation, setting professional goals, and growth strategies.<\/p>\t\t\t\t\t\t\t\t<\/div>\n\t\t\t\t<\/div>\n\t\t\t\t<div class=\"elementor-element elementor-element-6d5fe459 elementor-widget elementor-widget-text-editor\" data-id=\"6d5fe459\" data-element_type=\"widget\" data-widget_type=\"text-editor.default\">\n\t\t\t\t<div class=\"elementor-widget-container\">\n\t\t\t\t\t\t\t\t\t<p>To better understand your goals, please fill out the <a href=\"https:\/\/ayvconsulting.com\/en\/#Contacto\"><b>following<\/b> <b>form<\/b> <\/a>and we will contact you shortly.<\/p>\t\t\t\t\t\t\t\t<\/div>\n\t\t\t\t<\/div>\n\t\t\t\t\t<\/div>\n\t\t<\/div>\n\t\t\t\t<div class=\"elementor-column elementor-col-50 elementor-top-column elementor-element elementor-element-3e4e22ef\" data-id=\"3e4e22ef\" data-element_type=\"column\">\n\t\t\t<div class=\"elementor-widget-wrap elementor-element-populated\">\n\t\t\t\t\t\t<div class=\"elementor-element elementor-element-4b426ba4 elementor-invisible elementor-widget elementor-widget-image\" data-id=\"4b426ba4\" data-element_type=\"widget\" data-settings=\"{&quot;_animation&quot;:&quot;bounceInDown&quot;}\" data-widget_type=\"image.default\">\n\t\t\t\t<div class=\"elementor-widget-container\">\n\t\t\t\t\t\t\t\t\t\t\t\t\t\t\t<img fetchpriority=\"high\" decoding=\"async\" width=\"800\" height=\"802\" src=\"https:\/\/ayvconsulting.com\/wp-content\/uploads\/2025\/05\/designer-brainstorming-about-mobile-app-interface-2025-03-01-22-09-45-utc-scaled-e1746144917385-1022x1024.jpg\" class=\"attachment-large size-large wp-image-758\" alt=\"\" srcset=\"https:\/\/ayvconsulting.com\/wp-content\/uploads\/2025\/05\/designer-brainstorming-about-mobile-app-interface-2025-03-01-22-09-45-utc-scaled-e1746144917385-1022x1024.jpg 1022w, https:\/\/ayvconsulting.com\/wp-content\/uploads\/2025\/05\/designer-brainstorming-about-mobile-app-interface-2025-03-01-22-09-45-utc-scaled-e1746144917385-300x300.jpg 300w, https:\/\/ayvconsulting.com\/wp-content\/uploads\/2025\/05\/designer-brainstorming-about-mobile-app-interface-2025-03-01-22-09-45-utc-scaled-e1746144917385-150x150.jpg 150w, https:\/\/ayvconsulting.com\/wp-content\/uploads\/2025\/05\/designer-brainstorming-about-mobile-app-interface-2025-03-01-22-09-45-utc-scaled-e1746144917385-768x769.jpg 768w, https:\/\/ayvconsulting.com\/wp-content\/uploads\/2025\/05\/designer-brainstorming-about-mobile-app-interface-2025-03-01-22-09-45-utc-scaled-e1746144917385-1533x1536.jpg 1533w, https:\/\/ayvconsulting.com\/wp-content\/uploads\/2025\/05\/designer-brainstorming-about-mobile-app-interface-2025-03-01-22-09-45-utc-scaled-e1746144917385-12x12.jpg 12w, https:\/\/ayvconsulting.com\/wp-content\/uploads\/2025\/05\/designer-brainstorming-about-mobile-app-interface-2025-03-01-22-09-45-utc-scaled-e1746144917385.jpg 1707w\" sizes=\"(max-width: 800px) 100vw, 800px\" \/>\t\t\t\t\t\t\t\t\t\t\t\t\t\t\t<\/div>\n\t\t\t\t<\/div>\n\t\t\t\t\t<\/div>\n\t\t<\/div>\n\t\t\t\t\t<\/div>\n\t\t<\/section>\n\t\t\t\t<section class=\"elementor-section elementor-top-section elementor-element elementor-element-9ccf557 elementor-section-boxed elementor-section-height-default elementor-section-height-default\" data-id=\"9ccf557\" data-element_type=\"section\" data-settings=\"{&quot;background_background&quot;:&quot;classic&quot;}\">\n\t\t\t\t\t\t<div class=\"elementor-container elementor-column-gap-default\">\n\t\t\t\t\t<div class=\"elementor-column elementor-col-100 elementor-top-column elementor-element elementor-element-afe16dd\" data-id=\"afe16dd\" data-element_type=\"column\">\n\t\t\t<div class=\"elementor-widget-wrap elementor-element-populated\">\n\t\t\t\t\t\t<div class=\"elementor-element elementor-element-65c62aa elementor-widget elementor-widget-heading\" data-id=\"65c62aa\" data-element_type=\"widget\" data-widget_type=\"heading.default\">\n\t\t\t\t<div class=\"elementor-widget-container\">\n\t\t\t\t\t<h6 class=\"elementor-heading-title elementor-size-default\">Mentoring Service<\/h6>\t\t\t\t<\/div>\n\t\t\t\t<\/div>\n\t\t\t\t<div class=\"elementor-element elementor-element-ac0a6cc elementor-widget elementor-widget-heading\" data-id=\"ac0a6cc\" data-element_type=\"widget\" data-widget_type=\"heading.default\">\n\t\t\t\t<div class=\"elementor-widget-container\">\n\t\t\t\t\t<h2 class=\"elementor-heading-title elementor-size-default\">Find out how we can help you\n<\/h2>\t\t\t\t<\/div>\n\t\t\t\t<\/div>\n\t\t\t\t<section class=\"elementor-section elementor-inner-section elementor-element elementor-element-43c6811 elementor-section-boxed elementor-section-height-default elementor-section-height-default\" data-id=\"43c6811\" data-element_type=\"section\">\n\t\t\t\t\t\t<div class=\"elementor-container elementor-column-gap-default\">\n\t\t\t\t\t<div class=\"elementor-column elementor-col-33 elementor-inner-column elementor-element elementor-element-b04f2cb\" data-id=\"b04f2cb\" data-element_type=\"column\">\n\t\t\t<div class=\"elementor-widget-wrap elementor-element-populated\">\n\t\t\t\t\t\t<div class=\"elementor-element elementor-element-f048740 ekit-equal-height-disable elementor-widget elementor-widget-elementskit-icon-box\" data-id=\"f048740\" data-element_type=\"widget\" data-widget_type=\"elementskit-icon-box.default\">\n\t\t\t\t<div class=\"elementor-widget-container\">\n\t\t\t\t\t<div class=\"ekit-wid-con\" >        <!-- link opening -->\n                <!-- end link opening -->\n\n        <div class=\"elementskit-infobox text-center text- icon-top-align elementor-animation-\">\n                    <div class=\"elementskit-box-header elementor-animation-\">\n                <div class=\"elementskit-info-box-icon\">\n                    <i aria-hidden=\"true\" class=\"elementkit-infobox-icon icon icon-id-card-1\"><\/i>\n                <\/div>\n          <\/div>\n                        <div class=\"box-body\">\n                            <h3 class=\"elementskit-info-box-title\">\n                    Job Search                <\/h3>\n                        \t\t  \t<p>Our mentorship is designed to support you every step of the way, from updating your resume to preparing for interviews. We provide personalized guidance to identify your strengths, improve your search strategy, and stand out to recruiters. Together, we will work on building an attractive professional profile, optimizing your network, and increasing your chances of landing the job you want. \n<\/p>\n                                <\/div>\n        \n        \n                <\/div>\n        <\/div>\t\t\t\t<\/div>\n\t\t\t\t<\/div>\n\t\t\t\t\t<\/div>\n\t\t<\/div>\n\t\t\t\t<div class=\"elementor-column elementor-col-33 elementor-inner-column elementor-element elementor-element-cc6a411\" data-id=\"cc6a411\" data-element_type=\"column\">\n\t\t\t<div class=\"elementor-widget-wrap elementor-element-populated\">\n\t\t\t\t\t\t<div class=\"elementor-element elementor-element-f40f759 ekit-equal-height-disable elementor-widget elementor-widget-elementskit-icon-box\" data-id=\"f40f759\" data-element_type=\"widget\" data-widget_type=\"elementskit-icon-box.default\">\n\t\t\t\t<div class=\"elementor-widget-container\">\n\t\t\t\t\t<div class=\"ekit-wid-con\" >        <!-- link opening -->\n                <!-- end link opening -->\n\n        <div class=\"elementskit-infobox text-center text- icon-top-align elementor-animation-\">\n                    <div class=\"elementskit-box-header elementor-animation-\">\n                <div class=\"elementskit-info-box-icon\">\n                    <i aria-hidden=\"true\" class=\"elementkit-infobox-icon icon icon-consut2\"><\/i>\n                <\/div>\n          <\/div>\n                        <div class=\"box-body\">\n                            <h3 class=\"elementskit-info-box-title\">\n                    Professional career                <\/h3>\n                        \t\t  \t<p>Our career development mentoring is designed to guide you in building a successful professional career. Through personalized sessions, we will work on identifying your long-term goals, strengthening your key skills, and designing an action plan to drive your growth. We provide you with the tools you need to improve your leadership, decision-making, and change management, ensuring that you move forward strategically and confidently toward your next big professional step.\n<\/p>\n                                <\/div>\n        \n        \n                <\/div>\n        <\/div>\t\t\t\t<\/div>\n\t\t\t\t<\/div>\n\t\t\t\t\t<\/div>\n\t\t<\/div>\n\t\t\t\t<div class=\"elementor-column elementor-col-33 elementor-inner-column elementor-element elementor-element-597f40c\" data-id=\"597f40c\" data-element_type=\"column\">\n\t\t\t<div class=\"elementor-widget-wrap elementor-element-populated\">\n\t\t\t\t\t\t<div class=\"elementor-element elementor-element-ab4cc20 ekit-equal-height-disable elementor-widget elementor-widget-elementskit-icon-box\" data-id=\"ab4cc20\" data-element_type=\"widget\" data-widget_type=\"elementskit-icon-box.default\">\n\t\t\t\t<div class=\"elementor-widget-container\">\n\t\t\t\t\t<div class=\"ekit-wid-con\" >        <!-- link opening -->\n                <!-- end link opening -->\n\n        <div class=\"elementskit-infobox text-center text- icon-top-align elementor-animation-\">\n                    <div class=\"elementskit-box-header elementor-animation-\">\n                <div class=\"elementskit-info-box-icon\">\n                    <i aria-hidden=\"true\" class=\"elementkit-infobox-icon icon icon-team-1\"><\/i>\n                <\/div>\n          <\/div>\n                        <div class=\"box-body\">\n                            <h3 class=\"elementskit-info-box-title\">\n                    Women's leadership                <\/h3>\n                        \t\t  \t<p>Our women's leadership mentorship is designed to empower professional women to develop their full leadership potential. Through personalized support, we will work on strengthening your self-confidence, improving your communication and decision-making skills, and providing you with tools to face the specific challenges of the workplace. Our goal is to help you stand out as an authentic leader, boost your career, and create a positive impact in your professional and personal life.\n<\/p>\n                                <\/div>\n        \n        \n                <\/div>\n        <\/div>\t\t\t\t<\/div>\n\t\t\t\t<\/div>\n\t\t\t\t\t<\/div>\n\t\t<\/div>\n\t\t\t\t\t<\/div>\n\t\t<\/section>\n\t\t\t\t\t<\/div>\n\t\t<\/div>\n\t\t\t\t\t<\/div>\n\t\t<\/section>\n\t\t\t\t<\/div>","protected":false},"excerpt":{"rendered":"<p>Servicios Mentor\u00eda Ofrecemos programas de mentor\u00eda dise\u00f1ados para acompa\u00f1ar a profesionales en su transici\u00f3n al mundo laboral, potenciar su desarrollo profesional y fortalecer sus habilidades de liderazgo. A trav\u00e9s de sesiones personalizadas, brindamos orientaci\u00f3n en la elaboraci\u00f3n de CV, preparaci\u00f3n para entrevistas, establecimiento de metas profesionales y estrategias de crecimiento. Para entender mejor tu objetivo, [&hellip;]<\/p>","protected":false},"author":2,"featured_media":0,"parent":0,"menu_order":0,"comment_status":"closed","ping_status":"closed","template":"elementor_header_footer","meta":{"footnotes":""},"class_list":["post-468","page","type-page","status-publish","hentry"],"_links":{"self":[{"href":"https:\/\/ayvconsulting.com\/en\/wp-json\/wp\/v2\/pages\/468","targetHints":{"allow":["GET"]}}],"collection":[{"href":"https:\/\/ayvconsulting.com\/en\/wp-json\/wp\/v2\/pages"}],"about":[{"href":"https:\/\/ayvconsulting.com\/en\/wp-json\/wp\/v2\/types\/page"}],"author":[{"embeddable":true,"href":"https:\/\/ayvconsulting.com\/en\/wp-json\/wp\/v2\/users\/2"}],"replies":[{"embeddable":true,"href":"https:\/\/ayvconsulting.com\/en\/wp-json\/wp\/v2\/comments?post=468"}],"version-history":[{"count":109,"href":"https:\/\/ayvconsulting.com\/en\/wp-json\/wp\/v2\/pages\/468\/revisions"}],"predecessor-version":[{"id":1111,"href":"https:\/\/ayvconsulting.com\/en\/wp-json\/wp\/v2\/pages\/468\/revisions\/1111"}],"wp:attachment":[{"href":"https:\/\/ayvconsulting.com\/en\/wp-json\/wp\/v2\/media?parent=468"}],"curies":[{"name":"wp","href":"https:\/\/api.w.org\/{rel}","templated":true}]}}